{"id":2375,"date":"2025-05-10T20:51:50","date_gmt":"2025-05-10T17:51:50","guid":{"rendered":"https:\/\/www.rvrent.fi\/?page_id=2375"},"modified":"2025-05-10T21:21:55","modified_gmt":"2025-05-10T18:21:55","slug":"tietosuojaseloste","status":"publish","type":"page","link":"https:\/\/www.rvrent.fi\/index.php\/tietosuojaseloste\/","title":{"rendered":"Tietosuojaseloste"},"content":{"rendered":"<div data-colibri-id=\"2375-c1\" class=\"style-1069 style-local-2375-c1 position-relative\">\n  <!---->\n  <div data-colibri-component=\"section\" data-colibri-id=\"2375-c2\" id=\"custom\" class=\"h-section h-section-global-spacing d-flex align-items-lg-center align-items-md-center align-items-center style-1070 style-local-2375-c2 position-relative\">\n    <!---->\n    <!---->\n    <div class=\"h-section-grid-container h-section-boxed-container\">\n      <!---->\n      <div data-colibri-id=\"2375-c5\" class=\"h-row-container gutters-row-lg-2 gutters-row-md-2 gutters-row-0 gutters-row-v-lg-2 gutters-row-v-md-2 gutters-row-v-2 style-1073 style-local-2375-c5 position-relative\">\n        <!---->\n        <div class=\"h-row justify-content-lg-center justify-content-md-center justify-content-center align-items-lg-stretch align-items-md-stretch align-items-stretch gutters-col-lg-2 gutters-col-md-2 gutters-col-0 gutters-col-v-lg-2 gutters-col-v-md-2 gutters-col-v-2\">\n          <!---->\n          <div class=\"h-column h-column-container d-flex h-col-lg-auto h-col-md-auto h-col-auto style-1074-outer style-local-2375-c6-outer\">\n            <div data-colibri-id=\"2375-c6\" class=\"d-flex h-flex-basis h-column__inner h-px-lg-2 h-px-md-2 h-px-2 v-inner-lg-2 v-inner-md-2 v-inner-2 style-1074 style-local-2375-c6 position-relative\">\n              <!---->\n              <!---->\n              <div class=\"w-100 h-y-container h-column__content h-column__v-align flex-basis-100 align-self-lg-start align-self-md-start align-self-start\">\n                <!---->\n                <div data-colibri-id=\"2375-c7\" class=\"h-text h-text-component style-1075 style-local-2375-c7 position-relative h-element\">\n                  <!---->\n                  <!---->\n                  <div class=\"\">\n                    <p><strong>Rv-Rent&nbsp;asiakasrekisterin tietosuojaseloste<\/strong><\/p>\n                    <p><strong>1. Rekisterinpit\u00e4j\u00e4<\/strong>\n                      <br>&nbsp;&nbsp;Decotrading T:mi\/ Rv-rent\n                      <br>&nbsp;&nbsp;Y-Tunnus 1474615-3\n                      <br>&nbsp;&nbsp;Hietaniityntie 2 c 14\n                      <br>&nbsp;&nbsp;00730 Helsinki<\/p>\n                    <p><strong>2. Yhteyshenkil\u00f6 rekistereit\u00e4 koskevissa asioissa<\/strong>\n                      <br>&nbsp;&nbsp;Hannu Karlsson\n                      <br>&nbsp;&nbsp;decotrade@hotmail.fi\n                      <br>&nbsp;&nbsp;040-5694482<\/p>\n                    <p><strong>3. Rekisterin nimi<\/strong>\n                      <br>&nbsp;&nbsp;Rv-Rent asiakasrekisteri<\/p>\n                    <p><strong>4. Henkil\u00f6tietojen k\u00e4sittelyn tarkoitus ja peruste<\/strong>\n                      <br>&nbsp;&nbsp;Henkil\u00f6tietojen k\u00e4sittelyn ensisijaisena perusteena on Rv-Rent asiakkaan ja Rv-rent v\u00e4linen asiakassuhde.&nbsp;&nbsp;\n                      <br>&nbsp;&nbsp;Henkil\u00f6tietoja voidaan k\u00e4sitell\u00e4 seuraavissa k\u00e4ytt\u00f6tarkoituksissa:\n                      <br>&nbsp;&nbsp;Asiakassuhteen, asiakaspalvelun toteuttaminen ja seuranta.\n                      <br>&nbsp;&nbsp;Asiakassuhteiden analysointi ja Rv-Rent liiketoiminnan kehitt\u00e4miseen liittyv\u00e4t tarkoitukset.\n                      <br>&nbsp;&nbsp;Asiakaspalautteen ja asiakkaan tyytyv\u00e4isyystietojen ker\u00e4\u00e4minen ja k\u00e4sittely.\n                      <br>&nbsp;&nbsp;Mahdollisten markkinatutkimusten ja mielipidekyselyiden toteuttaminen.<\/p>\n                    <p><strong>5. Rekisterin tietosis\u00e4lt\u00f6<\/strong>\n                      <br>&nbsp;&nbsp;Rekister\u00f6idyst\u00e4 voidaan tallentaa muun muassa seuraavankaltaisia tietoja:<\/p>\n                    <ul>\n                      <li>Nimi<\/li>\n                      <li>Henkil\u00f6tunnus<\/li>\n                      <li>Sukupuoli<\/li>\n                      <li>Kieli<\/li>\n                      <li>Osoite<\/li>\n                      <li>Puhelinnumero<\/li>\n                      <li>S\u00e4hk\u00f6posti-osoite<\/li>\n                      <li>Muut tarpeelliset yhteystiedot<\/li>\n                      <li>Mahdolliset asiakkaan muut antamat tiedot<\/li>\n                    <\/ul>\n                    <p>&nbsp;&nbsp;Muita asiakkuuteen liittyvi\u00e4 tietoja, kuten esimerkiksi asiakkaaseen yhdistett\u00e4viss\u00e4 oleva verkkosivujen k\u00e4yt\u00f6st\u00e4 ker\u00e4tt\u00e4v\u00e4 tieto.<\/p>\n                    <p><strong>6. Henkil\u00f6tietojen k\u00e4sittely, luovutus ja s\u00e4ilytysaika<\/strong><\/p>\n                    <p>&nbsp;&nbsp;Tietoja k\u00e4sitell\u00e4\u00e4n EU:n ja ETA:n alueella sek\u00e4 tarvittaessa my\u00f6s niiden ulkopuolella. Tietoja ei luovuteta muiden kuin Rv-Rent hy\u00f6dynnett\u00e4v\u00e4ksi.\n                      <br>&nbsp;&nbsp;Tietoja s\u00e4ilytet\u00e4\u00e4n niin kauan kuin asiakassuhteen voidaan katsoa olevan voimassa sek\u00e4 kohtuullisen ajan asiakassuhteen katkeamisen j\u00e4lkeen.\n                      <br>&nbsp;&nbsp;Ajoneuvotietoja s\u00e4ilytet\u00e4\u00e4n lyhyen aikaa vuokrauksen j\u00e4lkeen, apuna mahdollisia vuokrasopimuksen v\u00e4\u00e4rink\u00e4yt\u00f6ksi\u00e4 selvitt\u00e4ess\u00e4.<\/p>\n                    <p><strong>7. S\u00e4\u00e4nn\u00f6nmukaiset tietol\u00e4hteet<\/strong>\n                      <br>&nbsp;&nbsp;Tietoja saadaan ensisijaisesti seuraavista l\u00e4hteist\u00e4: Rekister\u00f6ity itse ja rekister\u00f6idyn asiakkuuteen, palveluiden k\u00e4ytt\u00f6\u00f6n,\n                      <br>&nbsp;&nbsp;viestint\u00e4\u00e4n sek\u00e4 asiointiin liittyv\u00e4t tapahtumat.\n                      <br>&nbsp;&nbsp;Ajoneuvon seurantalaite.\n                      <br>&nbsp;&nbsp;Tunnistamis-, varmennus-, osoite-, p\u00e4ivitys-, luottotieto- tai muuta vastaavaa palvelua tarjoava osapuoli.<\/p>\n                    <p>\n                      <br>\n                    <\/p>\n                    <p>\n                      <br>\n                    <\/p>\n                  <\/div>\n                <\/div>\n              <\/div>\n            <\/div>\n          <\/div>\n        <\/div>\n      <\/div>\n      <div data-colibri-id=\"2375-c3\" class=\"h-row-container gutters-row-lg-2 gutters-row-md-2 gutters-row-0 gutters-row-v-lg-2 gutters-row-v-md-2 gutters-row-v-2 style-1071 style-local-2375-c3 position-relative\">\n        <!---->\n        <div class=\"h-row justify-content-lg-center justify-content-md-center justify-content-center align-items-lg-stretch align-items-md-stretch align-items-stretch gutters-col-lg-2 gutters-col-md-2 gutters-col-0 gutters-col-v-lg-2 gutters-col-v-md-2 gutters-col-v-2\">\n          <!---->\n          <div class=\"h-column h-column-container d-flex h-col-lg-auto h-col-md-auto h-col-auto style-1072-outer style-local-2375-c4-outer\">\n            <div data-colibri-id=\"2375-c4\" class=\"d-flex h-flex-basis h-column__inner h-ui-empty-state-container h-px-lg-2 h-px-md-2 h-px-2 v-inner-lg-2 v-inner-md-2 v-inner-2 style-1072 style-local-2375-c4 position-relative\">\n              <!---->\n              <!---->\n              <div class=\"w-100 h-y-container h-column__content h-column__v-align flex-basis-100\">\n                <!---->\n              <\/div>\n            <\/div>\n          <\/div>\n        <\/div>\n      <\/div>\n    <\/div>\n  <\/div>\n<\/div>","protected":false},"excerpt":{"rendered":"<p>Rv-Rent&nbsp;asiakasrekisterin tietosuojaseloste 1. Rekisterinpit\u00e4j\u00e4 &nbsp;&nbsp;Decotrading T:mi\/ Rv-rent &nbsp;&nbsp;Y-Tunnus 1474615-3 &nbsp;&nbsp;Hietaniityntie 2 c 14 &nbsp;&nbsp;00730 Helsinki 2. Yhteyshenkil\u00f6 rekistereit\u00e4 koskevissa asioissa &nbsp;&nbsp;Hannu Karlsson &nbsp;&nbsp;decotrade@hotmail.fi &nbsp;&nbsp;040-5694482 3. Rekisterin nimi &nbsp;&nbsp;Rv-Rent asiakasrekisteri 4. Henkil\u00f6tietojen k\u00e4sittelyn tarkoitus ja peruste &nbsp;&nbsp;Henkil\u00f6tietojen k\u00e4sittelyn ensisijaisena perusteena on Rv-Rent asiakkaan ja Rv-rent v\u00e4linen asiakassuhde.&nbsp;&nbsp; &nbsp;&nbsp;Henkil\u00f6tietoja voidaan k\u00e4sitell\u00e4 seuraavissa k\u00e4ytt\u00f6tarkoituksissa: &nbsp;&nbsp;Asiakassuhteen, asiakaspalvelun toteuttaminen ja [&hellip;]<\/p>\n","protected":false},"author":1,"featured_media":0,"parent":0,"menu_order":0,"comment_status":"closed","ping_status":"closed","template":"page-templates\/full-width-page.php","meta":{"footnotes":""},"class_list":["post-2375","page","type-page","status-publish","hentry"],"_links":{"self":[{"href":"https:\/\/www.rvrent.fi\/index.php\/wp-json\/wp\/v2\/pages\/2375","targetHints":{"allow":["GET"]}}],"collection":[{"href":"https:\/\/www.rvrent.fi\/index.php\/wp-json\/wp\/v2\/pages"}],"about":[{"href":"https:\/\/www.rvrent.fi\/index.php\/wp-json\/wp\/v2\/types\/page"}],"author":[{"embeddable":true,"href":"https:\/\/www.rvrent.fi\/index.php\/wp-json\/wp\/v2\/users\/1"}],"replies":[{"embeddable":true,"href":"https:\/\/www.rvrent.fi\/index.php\/wp-json\/wp\/v2\/comments?post=2375"}],"version-history":[{"count":6,"href":"https:\/\/www.rvrent.fi\/index.php\/wp-json\/wp\/v2\/pages\/2375\/revisions"}],"predecessor-version":[{"id":2411,"href":"https:\/\/www.rvrent.fi\/index.php\/wp-json\/wp\/v2\/pages\/2375\/revisions\/2411"}],"wp:attachment":[{"href":"https:\/\/www.rvrent.fi\/index.php\/wp-json\/wp\/v2\/media?parent=2375"}],"curies":[{"name":"wp","href":"https:\/\/api.w.org\/{rel}","templated":true}]}}